{"id":8906,"date":"2021-09-11T20:20:26","date_gmt":"2021-09-11T18:20:26","guid":{"rendered":"https:\/\/www.thebachproject.de\/?page_id=8906"},"modified":"2025-06-05T13:25:34","modified_gmt":"2025-06-05T11:25:34","slug":"study-group","status":"publish","type":"page","link":"https:\/\/www.thebachproject.de\/zh-hant\/study-group\/","title":{"rendered":"Study Group"},"content":{"rendered":"<section class=\"av_textblock_section \"  itemscope=\"itemscope\" itemtype=\"https:\/\/schema.org\/CreativeWork\" ><div class='avia_textblock  '   itemprop=\"text\" ><h5><span style=\"color: #0000ff;\">STUDY GROUP<\/span><\/h5>\n<h5><span style=\"color: #0000ff;\">Start: &#8212; (MEZ)<\/span><\/h5>\n<p>In 8 Seminareinheiten werden gemeinsam 16 Werke von JS Bach und seiner Zeitgenossen bearbeitet.<br \/>\nEs geht darum, einen sinnvollen Beginn des \u00dcbens zu gew\u00e4hrleisten. Generelle \u00dcbe-Ideen werden in allen Seminareinheiten erlebt und angesehen.<\/p>\n<p>Notwendige Einzeichnungen zu Struktur, Artikulation, Dynamik sowie Fingersatzfragen und Arrangements, die Ausf\u00fchrung der Ornamente und Fragen zur Ausweitung der Klaviatur werden miteinander entdeckt. In jeder Seminareinheit werden 2 Werke bearbeitet<\/p>\n<p>Nach jeder Seminareinheit erhalten die Teilnehmenden die jeweils beiden Werke als PDF, bearbeitet in der Edition La Folia. -&gt; <strong><a href=\"https:\/\/www.thebachproject.de\/zh-hant\/noten\/\">Noten<\/a><\/strong><\/p>\n<p>Ziel ist, dass die Teilnehmenden nach dem Besuch dieses Seminars neu zu erarbeitende Werke schnell und mit den erforderlichen Einzeichnungen (Struktur&#8230;) selbstst\u00e4ndig erarbeiten k\u00f6nnen.<\/p>\n<p>Voraussetzungen zur Teilnahme: keine, nur Freude an der Musik von JS Bach!<\/p>\n<p>Kosten: 144 \u20ac pro Person<\/p>\n<\/div><\/section>\n<form action=\"https:\/\/www.thebachproject.de\/zh-hant\/study-group\/\" method=\"post\"  class=\"avia_ajax_form av-form-labels-visible   avia-builder-el-1  el_after_av_textblock  avia-builder-el-last   \" data-avia-form-id=\"1\" data-avia-redirect='' ><fieldset><p class='  first_form  form_element form_element_third' id='element_avia_1_1'><label for=\"avia_1_1\">\u59d3 <abbr class=\"required\" title=\"required\">*<\/abbr><\/label> <input name=\"avia_1_1\" class=\"text_input is_empty\" type=\"text\" id=\"avia_1_1\" value=\"\" \/><\/p><p class='  form_element form_element_third' id='element_avia_2_1'><label for=\"avia_2_1\">\u540d <abbr class=\"required\" title=\"required\">*<\/abbr><\/label> <input name=\"avia_2_1\" class=\"text_input is_empty\" type=\"text\" id=\"avia_2_1\" value=\"\" \/><\/p><p class=' form_element form_element_third' id='element_avia_3_1'><label for=\"avia_3_1\">\u8bed\u8a00<\/label> <select  name=\"avia_3_1\" class=\"select \" id=\"avia_3_1\"><option  value ='German'>German<\/option><option  value ='English'>English<\/option><\/select><\/p><p class='  first_form  form_element form_element_two_third av-last-visible-form-element' id='element_avia_4_1'><label for=\"avia_4_1\">\u7535\u5b50\u90ae\u7bb1\u5730\u5740<\/label> <input name=\"avia_4_1\" class=\"text_input \" type=\"text\" id=\"avia_4_1\" value=\"\" \/><\/p><p class=\"hidden\"><input type=\"text\" name=\"avia_5_1\" class=\"hidden \" id=\"avia_5_1\" value=\"\" \/><\/p><p class=\"form_element form_element_third modified_width\"><input type=\"hidden\" value=\"1\" name=\"avia_generated_form1\" \/><input type=\"submit\" value=\"\u63d0\u4ea4\" class=\"button\"  data-sending-label=\"Sending\"\/><\/p><\/fieldset><\/form><div id=\"ajaxresponse_1\" class=\"ajaxresponse ajaxresponse_1 hidden\"><\/div>\n","protected":false},"excerpt":{"rendered":"","protected":false},"author":1,"featured_media":0,"parent":0,"menu_order":0,"comment_status":"closed","ping_status":"closed","template":"","meta":{"footnotes":""},"class_list":["post-8906","page","type-page","status-publish","hentry"],"_links":{"self":[{"href":"https:\/\/www.thebachproject.de\/zh-hant\/wp-json\/wp\/v2\/pages\/8906","targetHints":{"allow":["GET"]}}],"collection":[{"href":"https:\/\/www.thebachproject.de\/zh-hant\/wp-json\/wp\/v2\/pages"}],"about":[{"href":"https:\/\/www.thebachproject.de\/zh-hant\/wp-json\/wp\/v2\/types\/page"}],"author":[{"embeddable":true,"href":"https:\/\/www.thebachproject.de\/zh-hant\/wp-json\/wp\/v2\/users\/1"}],"replies":[{"embeddable":true,"href":"https:\/\/www.thebachproject.de\/zh-hant\/wp-json\/wp\/v2\/comments?post=8906"}],"version-history":[{"count":10,"href":"https:\/\/www.thebachproject.de\/zh-hant\/wp-json\/wp\/v2\/pages\/8906\/revisions"}],"predecessor-version":[{"id":9767,"href":"https:\/\/www.thebachproject.de\/zh-hant\/wp-json\/wp\/v2\/pages\/8906\/revisions\/9767"}],"wp:attachment":[{"href":"https:\/\/www.thebachproject.de\/zh-hant\/wp-json\/wp\/v2\/media?parent=8906"}],"curies":[{"name":"wp","href":"https:\/\/api.w.org\/{rel}","templated":true}]}}