{"id":2000,"date":"2020-08-11T15:24:54","date_gmt":"2020-08-11T13:24:54","guid":{"rendered":"http:\/\/www.thebachproject.de\/?page_id=2000"},"modified":"2020-10-30T17:43:13","modified_gmt":"2020-10-30T16:43:13","slug":"dfgdf","status":"publish","type":"page","link":"https:\/\/www.thebachproject.de\/zh-hant\/dfgdf\/","title":{"rendered":"\u8521\u6d2a\u4eea , \u6fb3\u5927\u5229\u4e9a Hongyi Sophia Cai, Australia"},"content":{"rendered":"<h2><strong>HONGYI SOPHIA CAI, AUSTRALIA<br \/>\n<\/strong><\/h2>\n<p>&nbsp;<\/p>\n<h2>\u8521\u6d2a\u4eea , \u6fb3\u5927\u5229\u4e9a<\/h2>\n<p>&nbsp;<\/p>\n<p>\u8521\u6d2a\u4eea\u51fa\u751f\u4e8e\u798f\u5efa\u798f\u5dde\uff0c9\u5c81\u5f00\u59cb\u63a5\u89e6\u94a2\u7434\uff0c\u5e76\u572812\u5c81\u901a\u8fc7\u7531\u4e2d\u592e\u97f3\u4e50\u5b66\u9662\u4e3b\u529e\u7684\u4e1a\u4f59\u8003\u7ea79\u7ea7\uff08\u6700\u9ad8\u7ea7\u522b\uff09\u3002\u57282004\u5e74\u79fb\u5c45\u6fb3\u5927\u5229\u4e9a\u4e4b\u524d\uff0c\u5979\u901a\u8fc7\u6f14\u594f\u8457\u540d\u7684\u300a\u9ec4\u6cb3\u300b\u94a2\u7434\u534f\u594f\u66f2\u83b7\u5f97\u4e86\u4e2d\u56fd\u9752\u5c11\u5e74\u6f14\u594f\u5bb6\u5927\u8d5b\uff08\u5c11\u5e74\u7ec4\uff09\u91d1\u5956\u3002<\/p>\n<p><img loading=\"lazy\" decoding=\"async\" class=\" wp-image-3170 alignleft\" src=\"https:\/\/www.thebachproject.de\/wp-content\/uploads\/2020\/08\/mmexport1500151379540-707x1024-1.jpg\" alt=\"\" width=\"180\" height=\"261\" srcset=\"https:\/\/www.thebachproject.de\/wp-content\/uploads\/2020\/08\/mmexport1500151379540-707x1024-1.jpg 707w, https:\/\/www.thebachproject.de\/wp-content\/uploads\/2020\/08\/mmexport1500151379540-707x1024-1-600x869.jpg 600w, https:\/\/www.thebachproject.de\/wp-content\/uploads\/2020\/08\/mmexport1500151379540-707x1024-1-207x300.jpg 207w, https:\/\/www.thebachproject.de\/wp-content\/uploads\/2020\/08\/mmexport1500151379540-707x1024-1-487x705.jpg 487w\" sizes=\"auto, (max-width: 180px) 100vw, 180px\" \/>\u79fb\u5c45\u6089\u5c3c\u540e\uff0c\u8521\u6d2a\u4eea\u8ddf\u968f\u4fdd\u52a0\u5229\u4e9a\u88d4\u5143\u8001\u7ea7\u94a2\u7434\u5bb6\u5c3c\u53e4\u62c9\u00b7\u57c3\u592b\u7f57\u592b\uff08Nikolai Evrov\uff09\u6559\u6388\u5b66\u4e60\u30022009\u5e74\u5f00\u59cb\u5c31\u8bfb\u4e8e\u6089\u5c3c\u97f3\u4e50\u5b66\u9662\u94a2\u7434\u8868\u6f14\u7cfb\uff0c\u526f\u4fee\u5ba4\u5185\u4e50\u8ddf\u968f\u6770\u62c9\u5fb7\u00b7\u5a01\u5ec9\u59c6\u65af\uff08Gerard Willems\uff09\u526f\u6559\u6388\u548c\u8d1d\u7eb3\u8fea\u7279\u00b7\u54c8\u7ef4\uff08Bernadette Harvey\uff09\u535a\u58eb\u3002 \u5979\u4e8e2012\u5e74\u83b7\u5f97\u5b66\u58eb\u5b66\u4f4d\uff0c\u5e76\u4e8e2015\u5e74\u83b7\u5f97\u4e86\u6089\u5c3c\u97f3\u4e50\u5b66\u9662\u97f3\u4e50\u5b66\uff08\u7814\u7a76\u7c7b\uff09\u7855\u58eb\u5b66\u4f4d\uff0c\u5728\u5b66\u4e60\u671f\u95f4\u83b7\u5f97\u4e86\u4e24\u9879\u5956\u5b66\u91d1\u3002 \u5979\u66fe\u5728\u6089\u5c3c\u7684\u5927\u5e08\u73ed\u548c\u97f3\u4e50\u4f1a\u4e2d\u5e7f\u6cdb\u6f14\u51fa\u3002<\/p>\n<p>2013\u5e74\uff0c\u5979\u4e0e\u6089\u5c3c\u97f3\u4e50\u5b66\u9662\u7ba1\u5f26\u4e50\u56e2\uff0c\u97f3\u4e50\u5b66\u9662\u5408\u5531\u56e2\u548c\u97f3\u4e50\u5b66\u9662\u9ad8\u4e2d\u5408\u5531\u56e2\u5408\u4f5c\u4e86\u82f1\u56fd\u4f5c\u66f2\u5bb6\u672c\u6770\u660e\u00b7\u5e03\u91cc\u987f\uff08Benjamin Britten\uff09\u7684\u300a\u6218\u4e89\u5b89\u9b42\u66f2\u300b\u3002\u6b64\u97f3\u4e50\u4f1a\u88ab\u73b0\u573a\u5f55\u5236\u5e76\u5728\u6fb3\u5927\u5229\u4e9a\u56fd\u5bb6\u5e7f\u64ad\u7535\u53f0\u53e4\u5178\u97f3\u4e50\u8282\u76ee\u9891\u9053\u64ad\u653e\u3002 \u6b21\u5e74\uff0c\u8521\u6d2a\u4eea\u88ab\u4efb\u547d\u4e3a\u6089\u5c3c\u97f3\u4e50\u5b66\u9662\u5bf9\u5916\u5b66\u9662\u90e8\u548c\u97f3\u4e50\u5b66\u9662\u9644\u5c5e\u4e2d\u5b66\u7684\u6559\u5e08\u30022016\u5e7410\u6708\u8d77\u81f32019\u5e745\u6708\uff0c\u4e8e\u5fb7\u56fd\u7ef4\u5c14\u8328\u5821\u97f3\u4e50\u5b66\u9662\u4e13\u653b\u94a2\u7434\u6f14\u594f\uff0c\u5728\u5df4\u8d6b\u56fd\u9645\u94a2\u7434\u6bd4\u8d5b\u4e3b\u5e2d\u82f1\u683c\u00b7\u7f57\u838e\uff08Inge Rosar\uff09\u6559\u6388\uff0c\u5ba4\u5185\u4e50\u6559\u6388\u4e39\u59ae\u4e1d\u00b7\u672c\u8fbe\uff08Denise Benda\uff09\u7684\u6307\u5bfc\u4e0b\u4ee5\u8fd1\u6ee1\u5206\u7684\u6210\u7ee9\u5b8c\u6210\u94a2\u7434\u8868\u6f14\u7cfb\u7855\u58eb\u5b66\u4f4d\u3002<\/p>\n<p>\u5728\u5fb7\u671f\u95f4\uff0c\u8521\u6d2a\u4eea\u66fe\u5728\u6b27\u6d32\u5404\u5730\u7684\u591a\u4e2a\u6f14\u51fa\u573a\u6240\u6f14\u51fa\uff0c\u4f8b\u5982\u4f4d\u4e8e\u5fb7\u56fd\u62dc\u7f57\u4f0a\u7279\u7684Steingraeber \uff06 S\u00f6hne\uff08\u65af\u5766\u683c\u5217\u6cca\u7d22\u7eb3\uff09\u94a2\u7434\u5382\u603b\u90e8\uff1b\u5fb7\u56fd\u8428\u5c14\u5e03\u5415\u80af\u7684Haus Blankenheim\uff08\u5df4\u8d6b\u56fd\u9645\u94a2\u7434\u6bd4\u8d5b\u521b\u59cb\u4eba\u6c83\u5c14\u7279\u00b7\u5e03\u5170\u80af\u6d77\u59c6\u6559\u6388\u6545\u5c45\uff09\uff1b\u5fb7\u56fd\u7f8e\u56e0\u6cb3\u7554\u5361\u5c14\u65bd\u5854\u7279\u7684\u5e02\u653f\u5385\uff08Historisches Rathaus\uff09\uff1b\u5965\u5730\u5229\u7ef4<\/p>\n<p>\u4e5f\u7eb3\u7684\u5fb7\u7f57\u5e0c\u5fb7\u57ce\u5821\uff08Schloss Dr\u00f6siedl\uff09\uff0c\u4ee5\u53ca\u5308\u7259\u5229\u5e03\u8fbe\u4f69\u65af\u7684\u4e9a\u5f53\u00b7\u8036\u8bfa\u97f3\u4e50\u5b66\u6821\uff08\u00c1d\u00e1m Jen\u0151 Music School\uff09\u3002\u8521\u6d2a\u4eea\u4e8e2020\u5e743\u6708\u8d77\u8ddf\u968f\u7f57\u5170\u00b7\u5df4\u63d0\u514b\u6559\u6388\uff08Prof. Roland Batik\uff09\u653b\u8bfb\u7ef4\u4e5f\u7eb3\u97f3\u4e50\u4e0e\u827a\u672f\u5e02\u7acb\u5927\u5b66\u6700\u9ad8\u6f14\u594f\u6587\u51ed\u3002<\/p>\n<p>&nbsp;<\/p>\n<p><strong>\u73b0\u573a\u97f3\u4e50\u4f1a\u5f55\u50cf\u94fe\u63a5\uff1a<\/strong><\/p>\n<p>2019\u5e74\u7ea6\u7ff0\u00b7\u585e\u5df4\u65af\u8482\u5b89\u00b7\u5df4\u8d6b\u56fd\u9645\u94a2\u7434\u6bd4\u8d5b &#8211; \u7eaa\u5ff5\u6c83\u5c14\u7279\u00b7\u5e03\u5170\u80af\u6d77\u59c6\uff08\u5fb7\u56fd\u7ef4\u5c14\u8328\u5821\u97f3\u4e50\u5b66\u9662\uff09\u7b2c\u4e00\u8f6e\uff1a<a href=\"https:\/\/youtu.be\/xzpAgD-2jGM\">https:\/\/youtu.be\/xzpAgD-2jGM<\/a><\/p>\n<p><strong>\u5df4\u8482\u514b\u6c99\u9f99\u97f3\u4e50\u4f1a<\/strong><strong> &#8211; <\/strong><strong>\u5965\u5730\u5229\u57c3\u4f2f\u76d6\u8f9b\u57ce\u5821\u00a0\u00a0 <\/strong><a href=\"https:\/\/youtu.be\/ma_B_TPjmTE\"><u>https:\/\/youtu.be\/ma_B_TPjmTE<\/u><\/a><\/p>\n","protected":false},"excerpt":{"rendered":"<p>HONGYI SOPHIA CAI, AUSTRALIA &nbsp; \u8521\u6d2a\u4eea , \u6fb3\u5927\u5229\u4e9a &nbsp; \u8521 [&hellip;]<\/p>\n","protected":false},"author":1,"featured_media":0,"parent":0,"menu_order":0,"comment_status":"closed","ping_status":"closed","template":"","meta":{"footnotes":""},"class_list":["post-2000","page","type-page","status-publish","hentry"],"_links":{"self":[{"href":"https:\/\/www.thebachproject.de\/zh-hant\/wp-json\/wp\/v2\/pages\/2000","targetHints":{"allow":["GET"]}}],"collection":[{"href":"https:\/\/www.thebachproject.de\/zh-hant\/wp-json\/wp\/v2\/pages"}],"about":[{"href":"https:\/\/www.thebachproject.de\/zh-hant\/wp-json\/wp\/v2\/types\/page"}],"author":[{"embeddable":true,"href":"https:\/\/www.thebachproject.de\/zh-hant\/wp-json\/wp\/v2\/users\/1"}],"replies":[{"embeddable":true,"href":"https:\/\/www.thebachproject.de\/zh-hant\/wp-json\/wp\/v2\/comments?post=2000"}],"version-history":[{"count":19,"href":"https:\/\/www.thebachproject.de\/zh-hant\/wp-json\/wp\/v2\/pages\/2000\/revisions"}],"predecessor-version":[{"id":7466,"href":"https:\/\/www.thebachproject.de\/zh-hant\/wp-json\/wp\/v2\/pages\/2000\/revisions\/7466"}],"wp:attachment":[{"href":"https:\/\/www.thebachproject.de\/zh-hant\/wp-json\/wp\/v2\/media?parent=2000"}],"curies":[{"name":"wp","href":"https:\/\/api.w.org\/{rel}","templated":true}]}}