{"id":131,"date":"2020-07-17T08:40:39","date_gmt":"2020-07-17T06:40:39","guid":{"rendered":"http:\/\/www.thebachproject.de\/?page_id=131"},"modified":"2020-10-30T17:42:19","modified_gmt":"2020-10-30T16:42:19","slug":"hongyi-sophia-cai","status":"publish","type":"page","link":"https:\/\/www.thebachproject.de\/en\/hongyi-sophia-cai\/","title":{"rendered":"Hongyi Sophia Cai, Australia"},"content":{"rendered":"\r\n<div class=\"entry-content\">\r\n<h4>Hongyi Sophia Cai, Australia<\/h4>\r\n<p>&nbsp;<\/p>\r\n<p>Born in China, Sophia commenced her piano lessons at the age of 9 and was awarded with Distinction in the Grade 9 exam (highest non-professional grade) held by the Central Conservatory of Music (Beijing, China) at 12 years-old. Just months before migrated to Australia in 2004, she won the gold medal in Chinese Young Performers Competition by playing the renowned Chinese piano concerto &#8220;Yellow River&#8221;.\u00a0\u00a0\u00a0<\/p>\r\n<p><img loading=\"lazy\" decoding=\"async\" class=\"wp-image-328 alignleft\" src=\"https:\/\/www.thebachproject.de\/wp-content\/uploads\/2020\/07\/mmexport1500151379540-707x1024-1.jpg\" alt=\"\" width=\"172\" height=\"249\" srcset=\"https:\/\/www.thebachproject.de\/wp-content\/uploads\/2020\/07\/mmexport1500151379540-707x1024-1.jpg 707w, https:\/\/www.thebachproject.de\/wp-content\/uploads\/2020\/07\/mmexport1500151379540-707x1024-1-600x869.jpg 600w, https:\/\/www.thebachproject.de\/wp-content\/uploads\/2020\/07\/mmexport1500151379540-707x1024-1-207x300.jpg 207w, https:\/\/www.thebachproject.de\/wp-content\/uploads\/2020\/07\/mmexport1500151379540-707x1024-1-487x705.jpg 487w\" sizes=\"auto, (max-width: 172px) 100vw, 172px\" \/>After migrating to Australia, Sophia continued her piano lessons with Bulgarian pianist Nikolai Evrov, chamber music lessons with Associate Professor Gerard Willems and Dr. Bernadette Harvey in Sydney.\u00a0 In 2012 she graduated with Bachelor of Music (Performance) and in 2015 with Master of Music Studies degree at the Sydney Conservatorium of Music with two scholarships. She has performed extensively in masterclasses and concerts in Sydney. In 2013 she joined the Sydney Conservatorium Orchestra and performed Benjamin Britten&#8217;s War Requiem with Conservatorium Choir and Conservatorium High School Choir, the concert was live recorded and played on ABC Classic FM (Australian Broadcasting Corperation). In the following year, Sophia was appointed as Assistant Teacher at the Sydney Conservatorium Open Academy and Conservatorium High School.<\/p>\r\n<p>After years of teaching, Sophia decided to follow her passion as a concert pianist. She moved to W\u00fcrzburg, Germany in September 2016. In May 2019, she graduated with Master of Music (Performance) at the University of Music W\u00fcrzburg, under the tutelage of Prof. Inge Rosar, combined with chamber music under Prof. Denise Benda. In March 2019, Sophia was the quarterfinalist in the International Piano Competition \u201cJohann Sebastian Bach\u201d in W\u00fcrzburg, Germany.<\/p>\r\n<p>Sophia has performed in various venues across Europe, such as \u00c1d\u00e1m Jen\u0151 Music School in Budapest (Hungary); Schloss Dr\u00f6siedl in Vienna (Austria); Steingraeber &amp; S\u00f6hne Piano Factory in Bayreuth (Germany), Haus Blankenheim in Saarbr\u00fccken (Germany), and Historical Town Hall in Karlstadt am Main (Germany).<\/p>\r\n<p>Sophia is pursuing her Certificate of Performance degree under Prof. Roland Batik at the Music and Arts University of the City of Vienna from March 2020.<\/p>\r\n<p>&nbsp;<\/p>\r\n<p><strong>Links to live &#8211; concerts:<\/strong><\/p>\r\n<p>Preliminary round in the International Piano Competition J. S. Bach in Memoriam Walter Blankenheim (W\u00fcrzburg 2019, University of Music, Germany): \u00a0<a href=\"https:\/\/youtu.be\/xzpAgD-2jGM\">https:\/\/youtu.be\/xzpAgD-2jGM<\/a><\/p>\r\n<p>Salon Batik, Ebergassing Castle, Austria: \u00a0<a tabindex=\"-1\" href=\"https:\/\/youtu.be\/ma_B_TPjmTE\" target=\"_blank\" rel=\"noopener noreferrer\">youtu.be\/ma_B_TPjmTE<\/a><\/p>\r\n<\/div>\r\n\r\n\r\n\r\n<p>&nbsp;<\/p>\r\n<p>&nbsp;<\/p>\r\n\r\n\r\n","protected":false},"excerpt":{"rendered":"<p>Hongyi Sophia Cai, Australia &nbsp; Born in China, Sophia commenced her piano lessons at the age of 9 and was awarded with Distinction in the Grade 9 exam (highest non-professional grade) held by the Central Conservatory of Music (Beijing, China) at 12 years-old. Just months before migrated to Australia in 2004, she won the gold [&hellip;]<\/p>\n","protected":false},"author":1,"featured_media":0,"parent":0,"menu_order":0,"comment_status":"closed","ping_status":"closed","template":"","meta":{"footnotes":""},"class_list":["post-131","page","type-page","status-publish","hentry"],"_links":{"self":[{"href":"https:\/\/www.thebachproject.de\/en\/wp-json\/wp\/v2\/pages\/131","targetHints":{"allow":["GET"]}}],"collection":[{"href":"https:\/\/www.thebachproject.de\/en\/wp-json\/wp\/v2\/pages"}],"about":[{"href":"https:\/\/www.thebachproject.de\/en\/wp-json\/wp\/v2\/types\/page"}],"author":[{"embeddable":true,"href":"https:\/\/www.thebachproject.de\/en\/wp-json\/wp\/v2\/users\/1"}],"replies":[{"embeddable":true,"href":"https:\/\/www.thebachproject.de\/en\/wp-json\/wp\/v2\/comments?post=131"}],"version-history":[{"count":29,"href":"https:\/\/www.thebachproject.de\/en\/wp-json\/wp\/v2\/pages\/131\/revisions"}],"predecessor-version":[{"id":7697,"href":"https:\/\/www.thebachproject.de\/en\/wp-json\/wp\/v2\/pages\/131\/revisions\/7697"}],"wp:attachment":[{"href":"https:\/\/www.thebachproject.de\/en\/wp-json\/wp\/v2\/media?parent=131"}],"curies":[{"name":"wp","href":"https:\/\/api.w.org\/{rel}","templated":true}]}}