{"id":129,"date":"2020-07-17T08:40:00","date_gmt":"2020-07-17T06:40:00","guid":{"rendered":"http:\/\/www.thebachproject.de\/?page_id=129"},"modified":"2020-10-27T17:23:10","modified_gmt":"2020-10-27T16:23:10","slug":"you-jeong-kim","status":"publish","type":"page","link":"https:\/\/www.thebachproject.de\/en\/you-jeong-kim\/","title":{"rendered":"You-Jeong Kim, South Korea"},"content":{"rendered":"<h4><strong>YOU-JEONG KIM,\u00a0 SOUTH KOREA <\/strong><\/h4>\n<p>You-Jeong Kim, born in Korea, graduated from <em>Deokwon Art High School<\/em>. She finished her diploma course and advanced studies (concert diploma) at the <em>University of Music in W\u00fcrzburg (University of music)<\/em> in the piano class of Prof. Inge Rosar with distinction.\u00a0She took part in master classes for Bach Interpretations with Prof. Walter Blankenheim and Prof. Inge Rosar in Saarland.<\/p>\n<p><img loading=\"lazy\" decoding=\"async\" class=\"wp-image-3150 alignleft\" src=\"https:\/\/www.thebachproject.de\/wp-content\/uploads\/2020\/08\/youjeong_kim_foto1-687x1030-1.jpg\" alt=\"\" width=\"224\" height=\"336\" srcset=\"https:\/\/www.thebachproject.de\/wp-content\/uploads\/2020\/08\/youjeong_kim_foto1-687x1030-1.jpg 687w, https:\/\/www.thebachproject.de\/wp-content\/uploads\/2020\/08\/youjeong_kim_foto1-687x1030-1-600x900.jpg 600w, https:\/\/www.thebachproject.de\/wp-content\/uploads\/2020\/08\/youjeong_kim_foto1-687x1030-1-200x300.jpg 200w, https:\/\/www.thebachproject.de\/wp-content\/uploads\/2020\/08\/youjeong_kim_foto1-687x1030-1-470x705.jpg 470w\" sizes=\"auto, (max-width: 224px) 100vw, 224px\" \/>During her studies at the University of Music in W\u00fcrzburg, she also participated in contemporary music projects, which further trained her understanding of musical processes and their possible interpretations. So she played in the concert for the master class with <em>David Geringas and Cecile Ousset<\/em>, performed in chamber music concerts in the days of new music, played duo chamber music performances, participated in the concerts of the ensemble for new music, and gave concerts with compositions for new music with the W\u00fcrzburg University orchestra. Her concert activities include piano recitals in a series of concerts in the town hall of Spiesen-Elversberg, Saarland and concerts with works by JS Bach in the Bach Center in <em>Haus Blankenheim<\/em>, Saarbr\u00fccken. &#8221;<\/p>\n<p>In the <em>national music competition of Gimpo University<\/em> in 2000, she won 3rd place in the Classical Music Composition section. At the 20th <em>International Piano Competition for Piano Duo Citta di Moncalieri<\/em>, March in 2008 , Italy, she and her duo partner Jingjing Zhang, China won the 1st prize (You-Jeong Kim was the first Korean to receive a 1st prize). The duo was invited to perform at the<em> Moncalieri City Theater<\/em>, Italy.<\/p>\n<p>The head of the artist agency in Frankfurt, Mr. Wolfgang Fahrenholtz, said after one of her concerts: &#8220;A big and beautiful bud is blooming.&#8221; At her final concert at the university in W\u00fcrzburg, Andr\u00e1s Hamary (professor for piano at the university in W\u00fcrzburg) remarked: &#8220;She understands what she is playing!&#8221;<\/p>\n<p><strong>Link to recordings:<\/strong>\u00a0<a href=\"https:\/\/www.youtube.com\/channel\/UCmH6U_7OLekFjswRehdOPHA\">https:\/\/www.youtube.com\/channel\/UCmH6U_7OLekFjswRehdOPHA<\/a><\/p>\n<p>\ud53c\uc544\ub2c8\uc2a4\ud2b8 \uae40\uc720\uc815\uc740 \ub3c5\uc77c \ubdd4\ub974\uce20\ubd80\ub974\ud06c \uc74c\uc545\ub300\ud559 \ud53c\uc544\ub178\uacfc\ub97c \ucd5c\uace0\uc131\uc801\uc73c\ub85c \uc785\ud559\ud558\uc600\uc73c\uba70, 2009 \ub144 \ucd5c\uace0\uc131\uc801\uc73c\ub85c \uc878\uc5c5\ud558\uc600\uace0 (\uc0ac\uc0ac:Prof. Inge Rosar) \ub3c5\uc77c Saarland\uc5d0\uc11c \ub9c8\uc2a4\ud130\ud074\ub798\uc2a4 BachInterpretationen\uc744 \uc218\ub8cc\ud558\uc600\ub2e4. (\uc0ac\uc0ac:Prof. Water Blankenheim)<br \/>\n\uc77c\ucc0d\uc774 2000\ub144 \uae40\ud3ec\ub300\ud559 \uc804\uad6d\uc74c\uc545\ucf69\ucfe8\uc5d0\uc11c \uc21c\uc218\ud074\ub798\uc2dd \uc791\uace1\ubd80\ubd84 3\uc704\ub85c \uc785\uc0c1\ud558\uc600\uace0, \ub3c5\uc77c \ubdd4\ub974\uce20 \ubd80\ub974\ud06c \uc74c\uc545\ub300\ud559 \uc7ac\ud559 \uc911 \uc791\uace1 \ud504\ub85c\uc81d\ud2b8, \ud604\ub300\uc74c\uc545 \ud504\ub85c\uc81d\ud2b8 \ucc38\uc5ec\ud558\ub294 \ub4f1 \uc791\uace1\uc5d0\ub3c4 \uc7ac\ub2a5\uc744 \ubcf4\uc5ec \uadf8\ub85c \uc778\ud574 \uc791\ud488\uc5d0 \ub300\ud55c \uc774\ud574\uc640 \ud574\uc11d\ud558\ub294 \uac10\uac01\uc774 \ud0c1\uc6d4\ud558\ub2e4\ub294 \ud638\ud3c9\uc744 \ubc1b\uace0 \uc788\ub2e4.<\/p>\n<p>\u201cDavid Geringas\u201d \uc640 \u201cCecile Ousset\u201d \ub9c8\uc2a4\ud130\ud074\ub798\uc2a4 \uc218\ub8cc\ub97c \ube44\ub86f\ud574 \u201cTage Der Neuen Musik Kammerkonzert\u201d(\ub3c5\uc77c \ubdd4\ub974\uce20\ubd80\ub974\ud06c \uc74c\uc545\ub300\ud559 \ub300\uadf9\uc7a5), Duo \uc2e4\ub0b4\uc545 \uc5f0\uc8fc, \u201cKonzert des Ensembles Neue Musik\u201d(\ub3c5\uc77c \ubdd4\ub974\uce20\ubd80\ub974\ud06c \uc74c\uc545\ub300\ud559 \ub300\uadf9\uc7a5), \ub3c5\uc77c Saarland \uc2dc\uccad \ucd08\uccad \uc5f0\uc8fc(Spiese in Saarland Rathaus), \ubaa8\ucc28\ub974\ud2b8 \uc544\uc6b0\ub77c \ud640(Mozart-Gymnasium Aula Saal), \ub3c5\uc77c Saarland, BachZentrum \u201cHaus Blankenheim\u201d, Komposition Neue Musik Orchester \uc640 \ud611\uc5f0 \ub4f1 \ud65c\ubc1c\ud55c \uc5f0\uc8fc\ud65c\ub3d9\uc744 \ud3bc\uccd0\uc628 \uadf8\ub140\ub294 \ud2b9\ud788 2008\ub144 \uc81c20\ud68c \uc720\ub7fd\ubba4\uc9c1 \ucf69\ucfe8 \u201cCitta di Moncalieri: \uc2e4\ub0b4\uc545 \ubd80\ubd84\uc5d0\uc11c \ud55c\uad6d\uc778 \ucd5c\ucd08\ub85c 1\uc704 \uc785\uc0c1\uc774\ub77c\ub294 \ucf8c\uac70\ub97c \uac70\ub450\uc5c8\uc73c\uba70, \uc774\ud0dc\ub9ac \ubabd\uce7c\ub9ac\uc5d0\ub9ac (Moncalieri in Italy) \uadf9\uc7a5 \ucd08\uccad\uc5f0\uc8fc \ub97c \uac00\uc9c0\uba70 \uc720\ub7fd \uc74c\uc545\uacc4\uc5d0\uc11c \ub450\uac01\uc744 \ub098\ud0c0\ub0b4\uace0 \uc788\ub2e4.<\/p>\n<p>\uadf8\ub140\uc758 \uc5f0\uc8fc\ub97c \ub4e3\uace0 \uc608\uc220\ud3c9\ub860\uac00 Wolfgang Fahrenholtz \ub294 \u201c\ud06c\uace0 \uc544\ub984\ub2e4\uc6b4 \uaf43\ubd09\uc6b0\ub9ac\ub97c \ud53c\uc6b0\uace0 \uc788 \ub2e4\u201d \ub77c\uace0 \ud558\uc600\uc73c\uba70 \uad50\uc218 Andr\u00e1s Hamary (\ub3c5\uc77c \ubdd4\ub974\uce20\ubd80\ub974\ud06c \uc74c\uc545\ub300\ud559) \ub294 \u201c\uadf8\ub140\ub294 \uc2a4\uc2a4\ub85c \ubb34\uc5c7\uc744 \uce58\ub294\uc9c0 \uc81c\ub300\ub85c \uc774\ud574\ud558\uace0 \uc5f0\uc8fc\ud55c\ub2e4\u201d \ub77c\uace0 \ud638\ud3c9\ud558\uc600\ub2e4.<\/p>\n<p><strong>Link to recordings:<\/strong>\u00a0<a href=\"https:\/\/www.youtube.com\/channel\/UCmH6U_7OLekFjswRehdOPHA\">https:\/\/www.youtube.com\/channel\/UCmH6U_7OLekFjswRehdOPHA<\/a><\/p>\n","protected":false},"excerpt":{"rendered":"<p>YOU-JEONG KIM,\u00a0 SOUTH KOREA You-Jeong Kim, born in Korea, graduated from Deokwon Art High School. She finished her diploma course and advanced studies (concert diploma) at the University of Music in W\u00fcrzburg (University of music) in the piano class of Prof. Inge Rosar with distinction.\u00a0She took part in master classes for Bach Interpretations with Prof. [&hellip;]<\/p>\n","protected":false},"author":1,"featured_media":0,"parent":0,"menu_order":0,"comment_status":"closed","ping_status":"closed","template":"","meta":{"footnotes":""},"class_list":["post-129","page","type-page","status-publish","hentry"],"_links":{"self":[{"href":"https:\/\/www.thebachproject.de\/en\/wp-json\/wp\/v2\/pages\/129","targetHints":{"allow":["GET"]}}],"collection":[{"href":"https:\/\/www.thebachproject.de\/en\/wp-json\/wp\/v2\/pages"}],"about":[{"href":"https:\/\/www.thebachproject.de\/en\/wp-json\/wp\/v2\/types\/page"}],"author":[{"embeddable":true,"href":"https:\/\/www.thebachproject.de\/en\/wp-json\/wp\/v2\/users\/1"}],"replies":[{"embeddable":true,"href":"https:\/\/www.thebachproject.de\/en\/wp-json\/wp\/v2\/comments?post=129"}],"version-history":[{"count":15,"href":"https:\/\/www.thebachproject.de\/en\/wp-json\/wp\/v2\/pages\/129\/revisions"}],"predecessor-version":[{"id":3149,"href":"https:\/\/www.thebachproject.de\/en\/wp-json\/wp\/v2\/pages\/129\/revisions\/3149"}],"wp:attachment":[{"href":"https:\/\/www.thebachproject.de\/en\/wp-json\/wp\/v2\/media?parent=129"}],"curies":[{"name":"wp","href":"https:\/\/api.w.org\/{rel}","templated":true}]}}